{"id":1878,"date":"2023-12-25T12:26:05","date_gmt":"2023-12-25T11:26:05","guid":{"rendered":"https:\/\/deeppink-leopard-723286.hostingersite.com\/saxdor-400-gtc\/"},"modified":"2025-09-15T17:29:16","modified_gmt":"2025-09-15T15:29:16","slug":"saxdor-400-gtc","status":"publish","type":"page","link":"https:\/\/saxdoritalia.it\/en\/models\/saxdor-400-gtc\/","title":{"rendered":"Saxdor 400 GTC"},"content":{"rendered":"","protected":false},"excerpt":{"rendered":"<p>YOUR PRIVATE ISLAND<\/p>\n","protected":false},"author":1,"featured_media":1671,"parent":1874,"menu_order":0,"comment_status":"closed","ping_status":"closed","template":"","meta":{"footnotes":""},"class_list":["post-1878","page","type-page","status-publish","has-post-thumbnail","hentry"],"yoast_head":"<!-- This site is optimized with the Yoast SEO plugin v26.6 - https:\/\/yoast.com\/wordpress\/plugins\/seo\/ -->\n<title>Saxdor 400 GTC - Saxdor Italia<\/title>\n<meta name=\"description\" content=\"Il nuovo Saxdor 400 GTC offre molto pi\u00f9 spazio e versatilit\u00e0 di quanto ci si aspetti da un 40 piedi. Oltre a tutto questo pratico ambiente esterno, \u00e8 presente una cabina matrimoniale a prua e un bagno separato, ciascuno con un&#039;altezza libera di oltre 2,5 metri.\" \/>\n<meta name=\"robots\" content=\"index, follow, max-snippet:-1, max-image-preview:large, max-video-preview:-1\" \/>\n<link rel=\"canonical\" href=\"https:\/\/saxdoritalia.it\/en\/models\/saxdor-400-gtc\/\" \/>\n<meta property=\"og:locale\" content=\"en_US\" \/>\n<meta property=\"og:type\" content=\"article\" \/>\n<meta property=\"og:title\" content=\"Saxdor 400 GTC - Saxdor Italia\" \/>\n<meta property=\"og:description\" content=\"Il nuovo Saxdor 400 GTC offre molto pi\u00f9 spazio e versatilit\u00e0 di quanto ci si aspetti da un 40 piedi. Oltre a tutto questo pratico ambiente esterno, \u00e8 presente una cabina matrimoniale a prua e un bagno separato, ciascuno con un&#039;altezza libera di oltre 2,5 metri.\" \/>\n<meta property=\"og:url\" content=\"https:\/\/saxdoritalia.it\/en\/models\/saxdor-400-gtc\/\" \/>\n<meta property=\"og:site_name\" content=\"Saxdor Italia\" \/>\n<meta property=\"article:modified_time\" content=\"2025-09-15T15:29:16+00:00\" \/>\n<meta property=\"og:image\" content=\"https:\/\/saxdoritalia.it\/wp-content\/uploads\/2023\/12\/web_p_400gtc.jpg\" \/>\n\t<meta property=\"og:image:width\" content=\"1176\" \/>\n\t<meta property=\"og:image:height\" content=\"1514\" \/>\n\t<meta property=\"og:image:type\" content=\"image\/jpeg\" \/>\n<meta name=\"twitter:card\" content=\"summary_large_image\" \/>\n<meta name=\"twitter:label1\" content=\"Est. reading time\" \/>\n\t<meta name=\"twitter:data1\" content=\"1 minute\" \/>\n<script type=\"application\/ld+json\" class=\"yoast-schema-graph\">{\"@context\":\"https:\/\/schema.org\",\"@graph\":[{\"@type\":\"WebPage\",\"@id\":\"https:\/\/saxdoritalia.it\/en\/models\/saxdor-400-gtc\/\",\"url\":\"https:\/\/saxdoritalia.it\/en\/models\/saxdor-400-gtc\/\",\"name\":\"Saxdor 400 GTC - Saxdor Italia\",\"isPartOf\":{\"@id\":\"https:\/\/deeppink-leopard-723286.hostingersite.com\/#website\"},\"primaryImageOfPage\":{\"@id\":\"https:\/\/saxdoritalia.it\/en\/models\/saxdor-400-gtc\/#primaryimage\"},\"image\":{\"@id\":\"https:\/\/saxdoritalia.it\/en\/models\/saxdor-400-gtc\/#primaryimage\"},\"thumbnailUrl\":\"https:\/\/saxdoritalia.it\/wp-content\/uploads\/2023\/12\/web_p_400gtc.jpg\",\"datePublished\":\"2023-12-25T11:26:05+00:00\",\"dateModified\":\"2025-09-15T15:29:16+00:00\",\"description\":\"Il nuovo Saxdor 400 GTC offre molto pi\u00f9 spazio e versatilit\u00e0 di quanto ci si aspetti da un 40 piedi. Oltre a tutto questo pratico ambiente esterno, \u00e8 presente una cabina matrimoniale a prua e un bagno separato, ciascuno con un'altezza libera di oltre 2,5 metri.\",\"breadcrumb\":{\"@id\":\"https:\/\/saxdoritalia.it\/en\/models\/saxdor-400-gtc\/#breadcrumb\"},\"inLanguage\":\"en-US\",\"potentialAction\":[{\"@type\":\"ReadAction\",\"target\":[\"https:\/\/saxdoritalia.it\/en\/models\/saxdor-400-gtc\/\"]}]},{\"@type\":\"ImageObject\",\"inLanguage\":\"en-US\",\"@id\":\"https:\/\/saxdoritalia.it\/en\/models\/saxdor-400-gtc\/#primaryimage\",\"url\":\"https:\/\/saxdoritalia.it\/wp-content\/uploads\/2023\/12\/web_p_400gtc.jpg\",\"contentUrl\":\"https:\/\/saxdoritalia.it\/wp-content\/uploads\/2023\/12\/web_p_400gtc.jpg\",\"width\":1176,\"height\":1514},{\"@type\":\"BreadcrumbList\",\"@id\":\"https:\/\/saxdoritalia.it\/en\/models\/saxdor-400-gtc\/#breadcrumb\",\"itemListElement\":[{\"@type\":\"ListItem\",\"position\":1,\"name\":\"Home\",\"item\":\"https:\/\/saxdoritalia.it\/en\/\"},{\"@type\":\"ListItem\",\"position\":2,\"name\":\"Models\",\"item\":\"https:\/\/saxdoritalia.it\/en\/models\/\"},{\"@type\":\"ListItem\",\"position\":3,\"name\":\"Saxdor 400 GTC\"}]},{\"@type\":\"WebSite\",\"@id\":\"https:\/\/deeppink-leopard-723286.hostingersite.com\/#website\",\"url\":\"https:\/\/deeppink-leopard-723286.hostingersite.com\/\",\"name\":\"Saxdor Italia\",\"description\":\"Distributore ufficiale per l&#039;Italia di Saxdor Yachts\",\"publisher\":{\"@id\":\"https:\/\/deeppink-leopard-723286.hostingersite.com\/#organization\"},\"potentialAction\":[{\"@type\":\"SearchAction\",\"target\":{\"@type\":\"EntryPoint\",\"urlTemplate\":\"https:\/\/deeppink-leopard-723286.hostingersite.com\/?s={search_term_string}\"},\"query-input\":{\"@type\":\"PropertyValueSpecification\",\"valueRequired\":true,\"valueName\":\"search_term_string\"}}],\"inLanguage\":\"en-US\"},{\"@type\":\"Organization\",\"@id\":\"https:\/\/deeppink-leopard-723286.hostingersite.com\/#organization\",\"name\":\"Supermarine\",\"url\":\"https:\/\/deeppink-leopard-723286.hostingersite.com\/\",\"logo\":{\"@type\":\"ImageObject\",\"inLanguage\":\"en-US\",\"@id\":\"https:\/\/deeppink-leopard-723286.hostingersite.com\/#\/schema\/logo\/image\/\",\"url\":\"https:\/\/saxdoritalia.it\/wp-content\/uploads\/2023\/11\/Supermarine-Saxdor-Orizzontale-color.svg\",\"contentUrl\":\"https:\/\/saxdoritalia.it\/wp-content\/uploads\/2023\/11\/Supermarine-Saxdor-Orizzontale-color.svg\",\"width\":8191.9,\"height\":781.9,\"caption\":\"Supermarine\"},\"image\":{\"@id\":\"https:\/\/deeppink-leopard-723286.hostingersite.com\/#\/schema\/logo\/image\/\"}}]}<\/script>\n<!-- \/ Yoast SEO plugin. -->","yoast_head_json":{"title":"Saxdor 400 GTC - Saxdor Italia","description":"Il nuovo Saxdor 400 GTC offre molto pi\u00f9 spazio e versatilit\u00e0 di quanto ci si aspetti da un 40 piedi. Oltre a tutto questo pratico ambiente esterno, \u00e8 presente una cabina matrimoniale a prua e un bagno separato, ciascuno con un'altezza libera di oltre 2,5 metri.","robots":{"index":"index","follow":"follow","max-snippet":"max-snippet:-1","max-image-preview":"max-image-preview:large","max-video-preview":"max-video-preview:-1"},"canonical":"https:\/\/saxdoritalia.it\/en\/models\/saxdor-400-gtc\/","og_locale":"en_US","og_type":"article","og_title":"Saxdor 400 GTC - Saxdor Italia","og_description":"Il nuovo Saxdor 400 GTC offre molto pi\u00f9 spazio e versatilit\u00e0 di quanto ci si aspetti da un 40 piedi. Oltre a tutto questo pratico ambiente esterno, \u00e8 presente una cabina matrimoniale a prua e un bagno separato, ciascuno con un'altezza libera di oltre 2,5 metri.","og_url":"https:\/\/saxdoritalia.it\/en\/models\/saxdor-400-gtc\/","og_site_name":"Saxdor Italia","article_modified_time":"2025-09-15T15:29:16+00:00","og_image":[{"width":1176,"height":1514,"url":"https:\/\/saxdoritalia.it\/wp-content\/uploads\/2023\/12\/web_p_400gtc.jpg","type":"image\/jpeg"}],"twitter_card":"summary_large_image","twitter_misc":{"Est. reading time":"1 minute"},"schema":{"@context":"https:\/\/schema.org","@graph":[{"@type":"WebPage","@id":"https:\/\/saxdoritalia.it\/en\/models\/saxdor-400-gtc\/","url":"https:\/\/saxdoritalia.it\/en\/models\/saxdor-400-gtc\/","name":"Saxdor 400 GTC - Saxdor Italia","isPartOf":{"@id":"https:\/\/deeppink-leopard-723286.hostingersite.com\/#website"},"primaryImageOfPage":{"@id":"https:\/\/saxdoritalia.it\/en\/models\/saxdor-400-gtc\/#primaryimage"},"image":{"@id":"https:\/\/saxdoritalia.it\/en\/models\/saxdor-400-gtc\/#primaryimage"},"thumbnailUrl":"https:\/\/saxdoritalia.it\/wp-content\/uploads\/2023\/12\/web_p_400gtc.jpg","datePublished":"2023-12-25T11:26:05+00:00","dateModified":"2025-09-15T15:29:16+00:00","description":"Il nuovo Saxdor 400 GTC offre molto pi\u00f9 spazio e versatilit\u00e0 di quanto ci si aspetti da un 40 piedi. Oltre a tutto questo pratico ambiente esterno, \u00e8 presente una cabina matrimoniale a prua e un bagno separato, ciascuno con un'altezza libera di oltre 2,5 metri.","breadcrumb":{"@id":"https:\/\/saxdoritalia.it\/en\/models\/saxdor-400-gtc\/#breadcrumb"},"inLanguage":"en-US","potentialAction":[{"@type":"ReadAction","target":["https:\/\/saxdoritalia.it\/en\/models\/saxdor-400-gtc\/"]}]},{"@type":"ImageObject","inLanguage":"en-US","@id":"https:\/\/saxdoritalia.it\/en\/models\/saxdor-400-gtc\/#primaryimage","url":"https:\/\/saxdoritalia.it\/wp-content\/uploads\/2023\/12\/web_p_400gtc.jpg","contentUrl":"https:\/\/saxdoritalia.it\/wp-content\/uploads\/2023\/12\/web_p_400gtc.jpg","width":1176,"height":1514},{"@type":"BreadcrumbList","@id":"https:\/\/saxdoritalia.it\/en\/models\/saxdor-400-gtc\/#breadcrumb","itemListElement":[{"@type":"ListItem","position":1,"name":"Home","item":"https:\/\/saxdoritalia.it\/en\/"},{"@type":"ListItem","position":2,"name":"Models","item":"https:\/\/saxdoritalia.it\/en\/models\/"},{"@type":"ListItem","position":3,"name":"Saxdor 400 GTC"}]},{"@type":"WebSite","@id":"https:\/\/deeppink-leopard-723286.hostingersite.com\/#website","url":"https:\/\/deeppink-leopard-723286.hostingersite.com\/","name":"Saxdor Italia","description":"Distributore ufficiale per l&#039;Italia di Saxdor Yachts","publisher":{"@id":"https:\/\/deeppink-leopard-723286.hostingersite.com\/#organization"},"potentialAction":[{"@type":"SearchAction","target":{"@type":"EntryPoint","urlTemplate":"https:\/\/deeppink-leopard-723286.hostingersite.com\/?s={search_term_string}"},"query-input":{"@type":"PropertyValueSpecification","valueRequired":true,"valueName":"search_term_string"}}],"inLanguage":"en-US"},{"@type":"Organization","@id":"https:\/\/deeppink-leopard-723286.hostingersite.com\/#organization","name":"Supermarine","url":"https:\/\/deeppink-leopard-723286.hostingersite.com\/","logo":{"@type":"ImageObject","inLanguage":"en-US","@id":"https:\/\/deeppink-leopard-723286.hostingersite.com\/#\/schema\/logo\/image\/","url":"https:\/\/saxdoritalia.it\/wp-content\/uploads\/2023\/11\/Supermarine-Saxdor-Orizzontale-color.svg","contentUrl":"https:\/\/saxdoritalia.it\/wp-content\/uploads\/2023\/11\/Supermarine-Saxdor-Orizzontale-color.svg","width":8191.9,"height":781.9,"caption":"Supermarine"},"image":{"@id":"https:\/\/deeppink-leopard-723286.hostingersite.com\/#\/schema\/logo\/image\/"}}]}},"_links":{"self":[{"href":"https:\/\/saxdoritalia.it\/en\/wp-json\/wp\/v2\/pages\/1878","targetHints":{"allow":["GET"]}}],"collection":[{"href":"https:\/\/saxdoritalia.it\/en\/wp-json\/wp\/v2\/pages"}],"about":[{"href":"https:\/\/saxdoritalia.it\/en\/wp-json\/wp\/v2\/types\/page"}],"author":[{"embeddable":true,"href":"https:\/\/saxdoritalia.it\/en\/wp-json\/wp\/v2\/users\/1"}],"replies":[{"embeddable":true,"href":"https:\/\/saxdoritalia.it\/en\/wp-json\/wp\/v2\/comments?post=1878"}],"version-history":[{"count":3,"href":"https:\/\/saxdoritalia.it\/en\/wp-json\/wp\/v2\/pages\/1878\/revisions"}],"predecessor-version":[{"id":2445,"href":"https:\/\/saxdoritalia.it\/en\/wp-json\/wp\/v2\/pages\/1878\/revisions\/2445"}],"up":[{"embeddable":true,"href":"https:\/\/saxdoritalia.it\/en\/wp-json\/wp\/v2\/pages\/1874"}],"wp:featuredmedia":[{"embeddable":true,"href":"https:\/\/saxdoritalia.it\/en\/wp-json\/wp\/v2\/media\/1671"}],"wp:attachment":[{"href":"https:\/\/saxdoritalia.it\/en\/wp-json\/wp\/v2\/media?parent=1878"}],"curies":[{"name":"wp","href":"https:\/\/api.w.org\/{rel}","templated":true}]}}